{"id":14349,"date":"2018-07-10T20:25:56","date_gmt":"2018-07-10T20:25:56","guid":{"rendered":"http:\/\/www.mobil-cash.com\/?page_id=14349"},"modified":"2025-07-08T17:27:11","modified_gmt":"2025-07-08T17:27:11","slug":"soluciones","status":"publish","type":"page","link":"https:\/\/mobil-cash.com\/?page_id=14349","title":{"rendered":"Soluciones"},"content":{"rendered":"<section class=\"wpb-content-wrapper\"><p>[vc_row full_width=&#8221;stretch_row&#8221; bg_type=&#8221;image&#8221; parallax_style=&#8221;vcpb-vz-jquery&#8221; bg_image_new=&#8221;id^14514|url^http:\/\/www.mobil-cash.com\/wp-content\/uploads\/2020\/02\/mobilcash_payment2020.jpg|caption^null|alt^null|title^mobilcash_payment2020|description^null&#8221; bg_image_repeat=&#8221;no-repeat&#8221; enable_overlay=&#8221;enable_overlay_value&#8221; overlay_color=&#8221;rgba(0,0,0,0.71)&#8221; seperator_enable=&#8221;seperator_enable_value&#8221; seperator_type=&#8221;tilt_left_seperator&#8221; seperator_position=&#8221;bottom_seperator&#8221;][vc_column][vc_empty_space][vc_row_inner][vc_column_inner width=&#8221;1\/2&#8243;][vc_single_image image=&#8221;14533&#8243; img_size=&#8221;full&#8221; onclick=&#8221;custom_link&#8221; image_hovers=&#8221;false&#8221; link=&#8221;http:\/\/www.mobil-cash.com&#8221;][\/vc_column_inner][vc_column_inner width=&#8221;1\/2&#8243;][vc_btn title=&#8221;REGRESAR AL INICIO&#8221; style=&#8221;outline-custom&#8221; outline_custom_color=&#8221;#1b99d6&#8243; outline_custom_hover_background=&#8221;#1b99d6&#8243; outline_custom_hover_text=&#8221;#ffffff&#8221; shape=&#8221;round&#8221; align=&#8221;right&#8221; link=&#8221;url:http%3A%2F%2Fwww.mobil-cash.com|||&#8221;][\/vc_column_inner][\/vc_row_inner][vc_empty_space height=&#8221;70px&#8221;]<div class=\"dt-fancy-separator h1-size accent-title-color\" style=\"width: 100%;\"><div class=\"dt-fancy-title\"><span class=\"separator-holder separator-left\"><\/span>SOLUCIONES<span class=\"separator-holder separator-right\"><\/span><\/div><\/div>[vc_empty_space height=&#8221;70px&#8221;][\/vc_column][\/vc_row][vc_row equal_height=&#8221;yes&#8221; content_placement=&#8221;middle&#8221; css=&#8221;.vc_custom_1530137390471{padding-top: 20px !important;padding-bottom: 50px !important;}&#8221; el_id=&#8221;acerca&#8221;][vc_column][vc_empty_space height=&#8221;20px&#8221;][vc_row_inner equal_height=&#8221;yes&#8221; content_placement=&#8221;middle&#8221;][vc_column_inner width=&#8221;1\/4&#8243;][vc_single_image image=&#8221;14540&#8243; img_size=&#8221;full&#8221; alignment=&#8221;center&#8221;][\/vc_column_inner][vc_column_inner width=&#8221;3\/4&#8243;][vc_column_text]<\/p>\n<p style=\"text-align: justify;\">Estamos en el medio de una ventana \u00f3ptima donde la combinaci\u00f3n de billeteras virtuales con tel\u00e9fono celulares est\u00e1 llevando los pagos electr\u00f3nicos a casi todos los segmentos de poblaci\u00f3n.<\/p>\n<p style=\"text-align: justify;\">Las billeteras virtuales pueden venir en diferentes formatos, siendo:<\/p>\n<p>[\/vc_column_text][vc_empty_space height=&#8221;20px&#8221;]<div class=\"standard-arrow bullet-top\"><ul>\n<li>Estructura abierta tradicional (\u201cOpen-Loop\u201d) estando asociada a una tarjeta de pagos convencional.<\/li>\n<li>Estructura cerrada (\u201cClosed-Loop\u201d) con una cuenta propietaria permitiendo la inclusi\u00f3n de usuarios y entidades sin relaci\u00f3n bancaria.<\/li>\n<\/ul>\n<\/div>[vc_column_text]<\/p>\n<p style=\"text-align: justify;\">La soluci\u00f3n m\u00f3vil provee varias ventajas dado su alta penetraci\u00f3n en los mercados emergentes haciendo que cada dispositivo se pueda transformar en una herramienta de hacer y recibir pagos de forma r\u00e1pida y segura.<\/p>\n<p>[\/vc_column_text][\/vc_column_inner][\/vc_row_inner][vc_empty_space height=&#8221;20px&#8221;][\/vc_column][\/vc_row][vc_row full_width=&#8221;stretch_row&#8221; equal_height=&#8221;yes&#8221; content_placement=&#8221;middle&#8221; bg_type=&#8221;image&#8221; parallax_style=&#8221;vcpb-vz-jquery&#8221; bg_image_new=&#8221;id^14519|url^http:\/\/www.mobil-cash.com\/wp-content\/uploads\/2020\/02\/mobilcash_mpos2020.jpg|caption^null|alt^null|title^mobilcash_mpos2020|description^null&#8221; enable_overlay=&#8221;enable_overlay_value&#8221; overlay_color=&#8221;rgba(14,23,51,0.9)&#8221; overlay_pattern=&#8221;transperant&#8221; seperator_enable=&#8221;seperator_enable_value&#8221; seperator_type=&#8221;tilt_left_seperator&#8221; seperator_position=&#8221;top_bottom_seperator&#8221; css=&#8221;.vc_custom_1582923604636{padding-top: 100px !important;padding-bottom: 100px !important;}&#8221; el_id=&#8221;soluciones&#8221;][vc_column][vc_empty_space height=&#8221;20px&#8221;][vc_row_inner content_placement=&#8221;top&#8221; gap=&#8221;35&#8243;][vc_column_inner width=&#8221;1\/2&#8243;][vc_single_image image=&#8221;14231&#8243; img_size=&#8221;100&#215;100&#8243; alignment=&#8221;center&#8221;][vc_empty_space height=&#8221;10px&#8221;]<div class=\"dt-fancy-separator h1-size accent-title-color\" style=\"width: 100%;\"><div class=\"dt-fancy-title\"><span class=\"separator-holder separator-left\" style=\"border-color: rgba(101,149,191,0.5);\"><\/span>MPOS<span class=\"separator-holder separator-right\" style=\"border-color: rgba(101,149,191,0.5);\"><\/span><\/div><\/div>[vc_empty_space height=&#8221;20px&#8221;][vc_column_text]<\/p>\n<h2 style=\"text-align: center;\"><span style=\"color: #ffffff;\">CUALQUIER DISPOSITIVO SEA TEL\u00c9FONO O TABLET SE CONVIERTE EN UNA TERMINAL DE PAGOS<\/span><\/h2>\n<p>[\/vc_column_text][vc_empty_space height=&#8221;42px&#8221;][vc_column_text]<\/p>\n<h2><span style=\"color: #1b99d6;\">PAGOS ELECTR\u00d3NICOS<\/span><\/h2>\n<p>[\/vc_column_text][vc_empty_space height=&#8221;20px&#8221;][vc_column_text]<\/p>\n<p style=\"text-align: justify;\"><span style=\"color: #ffffff;\">MobilPOS incrementa tus ventas usando cualquier dispositivo m\u00f3vil para aceptar pagos electr\u00f3nicos.\u00a0 La aplicaci\u00f3n, r\u00e1pida y segura, permite incorporar un lector de tarjetas con:<\/span><\/p>\n<p>[\/vc_column_text][vc_empty_space height=&#8221;20px&#8221;]<div class=\"standard-arrow bullet-top\"><ul>\n<li><span style=\"color: #ffffff;\">Banda magn\u00e9tica<\/span><\/li>\n<li><span style=\"color: #ffffff;\">Chip \/ EMV<\/span><\/li>\n<li><span style=\"color: #ffffff;\">NFC<\/span><\/li>\n<\/ul>\n<\/div>[\/vc_column_inner][vc_column_inner width=&#8221;1\/2&#8243;][vc_column_text]<\/p>\n<h2><span style=\"color: #1b99d6;\">INGRESOS ADICIONALES<\/span><\/h2>\n<p>[\/vc_column_text][vc_empty_space height=&#8221;20px&#8221;][vc_column_text]<\/p>\n<p style=\"text-align: justify;\"><span style=\"color: #ffffff;\">MobilPOS ofrece un canal adicional de ingresos para tu negocio a trav\u00e9s de un acceso a un inventario de productos electr\u00f3nicos:<\/span><\/p>\n<p>[\/vc_column_text][vc_empty_space height=&#8221;20px&#8221;]<div class=\"standard-arrow bullet-top\"><ul>\n<li><span style=\"color: #ffffff;\">Tiempo aire<\/span><\/li>\n<li><span style=\"color: #ffffff;\">Cobro de servicios<\/span><\/li>\n<li><span style=\"color: #ffffff;\">Llamadas de larga distancia<\/span><\/li>\n<li><span style=\"color: #ffffff;\">Venta de micro seguros<\/span><\/li>\n<\/ul>\n<\/div>[vc_column_text]<\/p>\n<p style=\"text-align: left;\"><span style=\"color: #ffffff;\">Adicionalmente, estos nuevos productos incrementan el trafico de clientes a la tienda creando mayor valor y atractivo a tu negocio.<\/span><\/p>\n<p>[\/vc_column_text][vc_empty_space height=&#8221;20px&#8221;][vc_empty_space height=&#8221;20px&#8221;][vc_column_text]<\/p>\n<h2><span style=\"color: #1b99d6;\">SEGURIDAD Y CONVENIENCIA<\/span><\/h2>\n<p>[\/vc_column_text][vc_empty_space height=&#8221;20px&#8221;][vc_column_text]<\/p>\n<p style=\"text-align: left;\"><span style=\"color: #ffffff;\">La aplicaci\u00f3n trae varias ventajas para comerciantes y distribuidores. La seguridad y conveniencia son prioridad total para MobilCash haciendo que la experiencia de pagos sea optima en el punto de venta.<\/span><\/p>\n<p>[\/vc_column_text][vc_empty_space height=&#8221;20px&#8221;]<div class=\"standard-arrow bullet-top\"><ul>\n<li><span style=\"color: #ffffff;\">Hacer y aceptar pagos con cualquier dispositivo m\u00f3vil<\/span><\/li>\n<li><span style=\"color: #ffffff;\">Mayor seguridad para la recepci\u00f3n de pagos<\/span><\/li>\n<li><span style=\"color: #ffffff;\">Reduce el costo del manejo de efectivo<\/span><\/li>\n<li><span style=\"color: #ffffff;\">Integraci\u00f3n con emisores y adquirentes en cada mercado acelerando su implementaci\u00f3n<\/span><\/li>\n<\/ul>\n<\/div>[\/vc_column_inner][\/vc_row_inner][vc_empty_space height=&#8221;20px&#8221;][\/vc_column][\/vc_row][vc_row equal_height=&#8221;yes&#8221; content_placement=&#8221;middle&#8221; el_id=&#8221;clientes&#8221;][vc_column][vc_empty_space height=&#8221;20px&#8221;][vc_single_image image=&#8221;14232&#8243; img_size=&#8221;100&#215;100&#8243; alignment=&#8221;center&#8221;][vc_empty_space height=&#8221;10px&#8221;]<div class=\"dt-fancy-separator h1-size accent-title-color accent-border-color\" style=\"width: 100%;\"><div class=\"dt-fancy-title\"><span class=\"separator-holder separator-left\"><\/span>BILLETERAS ELECTR\u00d3NICAS<span class=\"separator-holder separator-right\"><\/span><\/div><\/div>[vc_empty_space][vc_row_inner gap=&#8221;35&#8243;][vc_column_inner width=&#8221;1\/2&#8243;][vc_column_text]<\/p>\n<h2><span style=\"color: #1b99d6;\">MANEJO DE CUENTA<\/span><\/h2>\n<p>[\/vc_column_text][vc_empty_space height=&#8221;20px&#8221;]<div class=\"standard-arrow bullet-top\"><ul>\n<li>Saldo disponible<\/li>\n<li>\u00daltimos movimientos<\/li>\n<li>Estado de cuenta<\/li>\n<li>\u00daltimas transacciones m\u00f3viles<\/li>\n<\/ul>\n<\/div>[vc_column_text]Facilitando pagos y recepciones de dinero a trav\u00e9s de m\u00faltiples billeteras \/ monedas y par\u00e1metros de uso personalizable.[\/vc_column_text][vc_empty_space height=&#8221;20px&#8221;][vc_empty_space height=&#8221;20px&#8221;][vc_column_text]<\/p>\n<h2><span style=\"color: #1b99d6;\">PAGO SERVICIOS \/ TIEMPO AIRE<\/span><\/h2>\n<p>[\/vc_column_text][vc_empty_space height=&#8221;20px&#8221;][vc_column_text]Pagar los principales servicios en el pa\u00eds:[\/vc_column_text][vc_empty_space height=&#8221;20px&#8221;]<div class=\"standard-arrow bullet-top\"><ul>\n<li>Recarga tel\u00e9fonos celulares \/ tiempo aire<\/li>\n<li>Pago de servicios municipales<\/li>\n<li>Pago de impuestos<\/li>\n<li>Pago de otros servicios<\/li>\n<\/ul>\n<\/div>[vc_column_text]Integraci\u00f3n previa con proveedores locales en cada pa\u00eds.[\/vc_column_text][\/vc_column_inner][vc_column_inner width=&#8221;1\/2&#8243;][vc_column_text]<\/p>\n<h2><span style=\"color: #1b99d6;\">PEER-TO-PEER (P2P)<\/span><\/h2>\n<p>[\/vc_column_text][vc_empty_space height=&#8221;20px&#8221;]<div class=\"standard-arrow bullet-top\"><ul>\n<li>Iniciar env\u00edo de dinero a un colega<\/li>\n<li>Ejecutar transacciones \u201ccash-in\u201d \/ \u201ccash-out\u201d en el comercio<\/li>\n<li>Realizaci\u00f3n de env\u00edos de dinero a otras tarjetas de cr\u00e9dito \/ d\u00e9bito<\/li>\n<\/ul>\n<\/div>[vc_empty_space height=&#8221;20px&#8221;][vc_empty_space height=&#8221;20px&#8221;][vc_column_text]<\/p>\n<h2><span style=\"color: #1b99d6;\">COMPRAS \/ PAGOS Y COMERCIOS<\/span><\/h2>\n<p>[\/vc_column_text][vc_empty_space height=&#8221;20px&#8221;]<div class=\"standard-arrow bullet-top\"><ul>\n<li>Escoger entre diferentes categor\u00edas de comercios<\/li>\n<li>Compras directas a los comercios sin tener que seleccionar productos<\/li>\n<li>Publicar ofertas o productos disponibles a trav\u00e9s de la p\u00e1gina web<\/li>\n<li>Consultar reportes de pedidos o compras realizadas<\/li>\n<\/ul>\n<\/div>[\/vc_column_inner][\/vc_row_inner][vc_empty_space height=&#8221;20px&#8221;][\/vc_column][\/vc_row][vc_row full_width=&#8221;stretch_row&#8221; bg_type=&#8221;image&#8221; parallax_style=&#8221;vcpb-vz-jquery&#8221; bg_image_new=&#8221;id^14518|url^http:\/\/www.mobil-cash.com\/wp-content\/uploads\/2020\/02\/mobilcash_friendsmobile2020.jpg|caption^null|alt^null|title^mobilcash_friendsmobile2020|description^null&#8221; enable_overlay=&#8221;enable_overlay_value&#8221; overlay_color=&#8221;rgba(14,23,51,0.9)&#8221; overlay_pattern=&#8221;transperant&#8221; seperator_enable=&#8221;seperator_enable_value&#8221; seperator_type=&#8221;tilt_left_seperator&#8221; css=&#8221;.vc_custom_1582923196781{padding-top: 100px !important;padding-bottom: 100px !important;}&#8221; el_id=&#8221;tecnologia&#8221;][vc_column][vc_empty_space height=&#8221;20px&#8221;][vc_row_inner equal_height=&#8221;yes&#8221; content_placement=&#8221;middle&#8221; gap=&#8221;35&#8243;][vc_column_inner width=&#8221;1\/2&#8243;][vc_single_image image=&#8221;14233&#8243; img_size=&#8221;100&#215;100&#8243; alignment=&#8221;center&#8221;][vc_empty_space height=&#8221;10px&#8221;]<div class=\"dt-fancy-separator h1-size accent-title-color\" style=\"width: 100%;\"><div class=\"dt-fancy-title\"><span class=\"separator-holder separator-left\" style=\"border-color: rgba(101,149,191,0.5);\"><\/span>SOLUCIONES ADICIONALES<span class=\"separator-holder separator-right\" style=\"border-color: rgba(101,149,191,0.5);\"><\/span><\/div><\/div>[\/vc_column_inner][vc_column_inner width=&#8221;1\/2&#8243;][vc_column_text]<\/p>\n<h2><span style=\"color: #1b99d6;\">PAGOS ELECTR\u00d3NICOS<\/span><\/h2>\n<p>[\/vc_column_text][vc_empty_space height=&#8221;20px&#8221;]<div class=\"standard-arrow bullet-top\"><ul>\n<li><span style=\"color: #ffffff;\">Acceso a una l\u00ednea de cr\u00e9dito basada en los flujos de ingresos del comercio<\/span><\/li>\n<\/ul>\n<\/div>[vc_empty_space height=&#8221;20px&#8221;][vc_empty_space height=&#8221;20px&#8221;][vc_column_text]<\/p>\n<h2><span style=\"color: #1b99d6;\">VENTA DE MICROSEGUROS<\/span><\/h2>\n<p>[\/vc_column_text][vc_empty_space height=&#8221;20px&#8221;]<div class=\"standard-arrow bullet-top\"><ul>\n<li><span style=\"color: #ffffff;\">Productos alternativos a coberturas medicas \/ asistencia b\u00e1sica a trav\u00e9s<\/span><\/li>\n<\/ul>\n<\/div>[vc_empty_space height=&#8221;20px&#8221;][vc_empty_space height=&#8221;20px&#8221;][vc_column_text]<\/p>\n<h2><span style=\"color: #1b99d6;\">PROGRAMA DE LEALTAD<\/span><\/h2>\n<p>[\/vc_column_text][vc_empty_space height=&#8221;20px&#8221;]<div class=\"standard-arrow bullet-top\"><ul>\n<li><span style=\"color: #ffffff;\">Crear lealtad de clientes a trav\u00e9s de un programa de recompensas \/ puntos<\/span><\/li>\n<\/ul>\n<\/div>[\/vc_column_inner][\/vc_row_inner][vc_empty_space height=&#8221;20px&#8221;][\/vc_column][\/vc_row]<\/p>\n<\/section>","protected":false},"excerpt":{"rendered":"<p>[vc_row full_width=&#8221;stretch_row&#8221; bg_type=&#8221;image&#8221; parallax_style=&#8221;vcpb-vz-jquery&#8221; bg_image_new=&#8221;id^14514|url^http:\/\/www.mobil-cash.com\/wp-content\/uploads\/2020\/02\/mobilcash_payment2020.jpg|caption^null|alt^null|title^mobilcash_payment2020|description^null&#8221; bg_image_repeat=&#8221;no-repeat&#8221; enable_overlay=&#8221;enable_overlay_value&#8221; overlay_color=&#8221;rgba(0,0,0,0.71)&#8221; seperator_enable=&#8221;seperator_enable_value&#8221; seperator_type=&#8221;tilt_left_seperator&#8221; seperator_position=&#8221;bottom_seperator&#8221;][vc_column][vc_empty_space][vc_row_inner][vc_column_inner width=&#8221;1\/2&#8243;][vc_single_image image=&#8221;14533&#8243; img_size=&#8221;full&#8221; onclick=&#8221;custom_link&#8221; image_hovers=&#8221;false&#8221; link=&#8221;http:\/\/www.mobil-cash.com&#8221;][\/vc_column_inner][vc_column_inner width=&#8221;1\/2&#8243;][vc_btn title=&#8221;REGRESAR AL INICIO&#8221; style=&#8221;outline-custom&#8221; outline_custom_color=&#8221;#1b99d6&#8243; outline_custom_hover_background=&#8221;#1b99d6&#8243; outline_custom_hover_text=&#8221;#ffffff&#8221; shape=&#8221;round&#8221; align=&#8221;right&#8221; link=&#8221;url:http%3A%2F%2Fwww.mobil-cash.com|||&#8221;][\/vc_column_inner][\/vc_row_inner][vc_empty_space height=&#8221;70px&#8221;][vc_empty_space height=&#8221;70px&#8221;][\/vc_column][\/vc_row][vc_row equal_height=&#8221;yes&#8221; content_placement=&#8221;middle&#8221; css=&#8221;.vc_custom_1530137390471{padding-top: 20px !important;padding-bottom: 50px !important;}&#8221; el_id=&#8221;acerca&#8221;][vc_column][vc_empty_space height=&#8221;20px&#8221;][vc_row_inner equal_height=&#8221;yes&#8221; content_placement=&#8221;middle&#8221;][vc_column_inner width=&#8221;1\/4&#8243;][vc_single_image image=&#8221;14540&#8243; img_size=&#8221;full&#8221; alignment=&#8221;center&#8221;][\/vc_column_inner][vc_column_inner width=&#8221;3\/4&#8243;][vc_column_text] Estamos en el medio de una ventana \u00f3ptima donde&hellip; <a class=\"continue\" href=\"https:\/\/mobil-cash.com\/?page_id=14349\">Continue Reading<span> Soluciones<\/span><\/a><\/p>\n","protected":false},"author":1,"featured_media":0,"parent":0,"menu_order":0,"comment_status":"closed","ping_status":"closed","template":"template-microsite.php","meta":[],"class_list":["post-14349","page","type-page","status-publish","hentry","description-off"],"_links":{"self":[{"href":"https:\/\/mobil-cash.com\/index.php?rest_route=\/wp\/v2\/pages\/14349","targetHints":{"allow":["GET"]}}],"collection":[{"href":"https:\/\/mobil-cash.com\/index.php?rest_route=\/wp\/v2\/pages"}],"about":[{"href":"https:\/\/mobil-cash.com\/index.php?rest_route=\/wp\/v2\/types\/page"}],"author":[{"embeddable":true,"href":"https:\/\/mobil-cash.com\/index.php?rest_route=\/wp\/v2\/users\/1"}],"replies":[{"embeddable":true,"href":"https:\/\/mobil-cash.com\/index.php?rest_route=%2Fwp%2Fv2%2Fcomments&post=14349"}],"version-history":[{"count":83,"href":"https:\/\/mobil-cash.com\/index.php?rest_route=\/wp\/v2\/pages\/14349\/revisions"}],"predecessor-version":[{"id":14541,"href":"https:\/\/mobil-cash.com\/index.php?rest_route=\/wp\/v2\/pages\/14349\/revisions\/14541"}],"wp:attachment":[{"href":"https:\/\/mobil-cash.com\/index.php?rest_route=%2Fwp%2Fv2%2Fmedia&parent=14349"}],"curies":[{"name":"wp","href":"https:\/\/api.w.org\/{rel}","templated":true}]}}